{"id":54,"date":"2025-05-07T08:08:05","date_gmt":"2025-05-07T08:08:05","guid":{"rendered":"https:\/\/canpinana.app-w.es\/?page_id=54"},"modified":"2025-05-12T09:51:58","modified_gmt":"2025-05-12T09:51:58","slug":"nosaltres","status":"publish","type":"page","link":"https:\/\/canpinana.com\/?page_id=54","title":{"rendered":"Nosaltres"},"content":{"rendered":"\t\t<div data-elementor-type=\"wp-page\" data-elementor-id=\"54\" class=\"elementor elementor-54\" data-elementor-post-type=\"page\">\n\t\t\t\t<div class=\"elementor-element elementor-element-89ca48f elementor-hidden-mobile e-flex e-con-boxed e-con e-parent\" data-id=\"89ca48f\" data-element_type=\"container\">\n\t\t\t\t\t<div class=\"e-con-inner\">\n\t\t\t\t<div class=\"elementor-element elementor-element-844005d elementor-widget elementor-widget-heading\" data-id=\"844005d\" data-element_type=\"widget\" data-widget_type=\"heading.default\">\n\t\t\t\t<div class=\"elementor-widget-container\">\n\t\t\t\t\t<h2 class=\"elementor-heading-title elementor-size-default\">Benvinguts al<\/h2>\t\t\t\t<\/div>\n\t\t\t\t<\/div>\n\t\t\t\t<div class=\"elementor-element elementor-element-026e350 elementor-widget elementor-widget-heading\" data-id=\"026e350\" data-element_type=\"widget\" data-widget_type=\"heading.default\">\n\t\t\t\t<div class=\"elementor-widget-container\">\n\t\t\t\t\t<h2 class=\"elementor-heading-title elementor-size-default\">can pi\u00f1ana<\/h2>\t\t\t\t<\/div>\n\t\t\t\t<\/div>\n\t\t\t\t\t<\/div>\n\t\t\t\t<\/div>\n\t\t<div class=\"elementor-element elementor-element-c1de730 elementor-hidden-desktop elementor-hidden-tablet e-flex e-con-boxed e-con e-parent\" data-id=\"c1de730\" data-element_type=\"container\">\n\t\t\t\t\t<div class=\"e-con-inner\">\n\t\t\t\t<div class=\"elementor-element elementor-element-5a4bd60 elementor-widget elementor-widget-heading\" data-id=\"5a4bd60\" data-element_type=\"widget\" data-widget_type=\"heading.default\">\n\t\t\t\t<div class=\"elementor-widget-container\">\n\t\t\t\t\t<h2 class=\"elementor-heading-title elementor-size-default\">Benvinguts al<\/h2>\t\t\t\t<\/div>\n\t\t\t\t<\/div>\n\t\t\t\t<div class=\"elementor-element elementor-element-c2be16b elementor-widget elementor-widget-heading\" data-id=\"c2be16b\" data-element_type=\"widget\" data-widget_type=\"heading.default\">\n\t\t\t\t<div class=\"elementor-widget-container\">\n\t\t\t\t\t<h2 class=\"elementor-heading-title elementor-size-default\">can pi\u00f1ana<\/h2>\t\t\t\t<\/div>\n\t\t\t\t<\/div>\n\t\t\t\t\t<\/div>\n\t\t\t\t<\/div>\n\t\t<div class=\"elementor-element elementor-element-21ba3d2 e-flex e-con-boxed e-con e-parent\" data-id=\"21ba3d2\" data-element_type=\"container\">\n\t\t\t\t\t<div class=\"e-con-inner\">\n\t\t\t\t<div class=\"elementor-element elementor-element-4ce9a18 elementor-hidden-mobile elementor-widget elementor-widget-spacer\" data-id=\"4ce9a18\" data-element_type=\"widget\" data-widget_type=\"spacer.default\">\n\t\t\t\t<div class=\"elementor-widget-container\">\n\t\t\t\t\t\t\t<div class=\"elementor-spacer\">\n\t\t\t<div class=\"elementor-spacer-inner\"><\/div>\n\t\t<\/div>\n\t\t\t\t\t\t<\/div>\n\t\t\t\t<\/div>\n\t\t\t\t<div class=\"elementor-element elementor-element-7ac1817 elementor-widget__width-initial elementor-widget-mobile__width-inherit elementor-widget elementor-widget-text-editor\" data-id=\"7ac1817\" data-element_type=\"widget\" data-widget_type=\"text-editor.default\">\n\t\t\t\t<div class=\"elementor-widget-container\">\n\t\t\t\t\t\t\t\t\t<p><span class=\"OYPEnA font-feature-liga-off font-feature-clig-off font-feature-calt-off text-decoration-none text-strikethrough-none\">On el plaer de la gastronomia i la mar tenen el seu punt de trobada.<\/span><\/p>\t\t\t\t\t\t\t\t<\/div>\n\t\t\t\t<\/div>\n\t\t\t\t<div class=\"elementor-element elementor-element-64dace7 elementor-hidden-mobile elementor-widget elementor-widget-spacer\" data-id=\"64dace7\" data-element_type=\"widget\" data-widget_type=\"spacer.default\">\n\t\t\t\t<div class=\"elementor-widget-container\">\n\t\t\t\t\t\t\t<div class=\"elementor-spacer\">\n\t\t\t<div class=\"elementor-spacer-inner\"><\/div>\n\t\t<\/div>\n\t\t\t\t\t\t<\/div>\n\t\t\t\t<\/div>\n\t\t\t\t\t<\/div>\n\t\t\t\t<\/div>\n\t\t<div class=\"elementor-element elementor-element-ac334ef e-flex e-con-boxed e-con e-parent\" data-id=\"ac334ef\" data-element_type=\"container\">\n\t\t\t\t\t<div class=\"e-con-inner\">\n\t\t<div class=\"elementor-element elementor-element-1b7d0a9 e-con-full e-flex e-con e-child\" data-id=\"1b7d0a9\" data-element_type=\"container\">\n\t\t\t\t<div class=\"elementor-element elementor-element-45de03e elementor-widget elementor-widget-image\" data-id=\"45de03e\" data-element_type=\"widget\" data-widget_type=\"image.default\">\n\t\t\t\t<div class=\"elementor-widget-container\">\n\t\t\t\t\t\t\t\t\t\t\t\t\t\t\t<img fetchpriority=\"high\" decoding=\"async\" width=\"800\" height=\"599\" src=\"https:\/\/canpinana.com\/wp-content\/uploads\/2025\/05\/width_1588-1024x767.png\" class=\"attachment-large size-large wp-image-226\" alt=\"\" srcset=\"https:\/\/canpinana.com\/wp-content\/uploads\/2025\/05\/width_1588-1024x767.png 1024w, https:\/\/canpinana.com\/wp-content\/uploads\/2025\/05\/width_1588-600x450.png 600w, https:\/\/canpinana.com\/wp-content\/uploads\/2025\/05\/width_1588-300x225.png 300w, https:\/\/canpinana.com\/wp-content\/uploads\/2025\/05\/width_1588-768x576.png 768w, https:\/\/canpinana.com\/wp-content\/uploads\/2025\/05\/width_1588-1536x1151.png 1536w, https:\/\/canpinana.com\/wp-content\/uploads\/2025\/05\/width_1588.png 1588w\" sizes=\"(max-width: 800px) 100vw, 800px\" \/>\t\t\t\t\t\t\t\t\t\t\t\t\t\t\t<\/div>\n\t\t\t\t<\/div>\n\t\t\t\t<\/div>\n\t\t<div class=\"elementor-element elementor-element-79d9399 e-con-full e-flex e-con e-child\" data-id=\"79d9399\" data-element_type=\"container\">\n\t\t\t\t<div class=\"elementor-element elementor-element-ff2d83b elementor-widget__width-initial elementor-widget elementor-widget-text-editor\" data-id=\"ff2d83b\" data-element_type=\"widget\" data-widget_type=\"text-editor.default\">\n\t\t\t\t<div class=\"elementor-widget-container\">\n\t\t\t\t\t\t\t\t\t<p class=\"cvGsUA direction-ltr align-justify para-style-body\"><span class=\"OYPEnA font-feature-liga-off font-feature-clig-off font-feature-calt-off text-decoration-none text-strikethrough-none\">Amb aquesta filosofia de treball, els nostres comensals gaudeixen des de fa 50 anys de tots els sabors del Mediterrani.<\/span><\/p><p class=\"cvGsUA direction-ltr align-justify para-style-body\"><span class=\"OYPEnA font-feature-liga-off font-feature-clig-off font-feature-calt-off text-decoration-none text-strikethrough-none\">Situat davant del mar, al port pesquer de l\u2019Ampolla, l\u2019interior i l\u2019exterior es troben a trav\u00e9s de grans finestrals, on gaudireu d\u2019unes vistes espectaculars a la badia del Fangar i de l\u2019ambient mariner del nostre poble.<\/span><\/p><p class=\"cvGsUA direction-ltr align-justify para-style-body\"><span class=\"OYPEnA font-feature-liga-off font-feature-clig-off font-feature-calt-off text-decoration-none text-strikethrough-none\">Conxi i Juani Pi\u00f1ana, tercera generaci\u00f3 d\u2019aquest restaurant de caire familiar, us presentaran una carta amb productes de proximitat on degustareu els millors plats de les nostres terres, acompanyats d\u2019un celler amb m\u00e9s de 100 refer\u00e8ncies.<\/span><\/p>\t\t\t\t\t\t\t\t<\/div>\n\t\t\t\t<\/div>\n\t\t\t\t<\/div>\n\t\t\t\t\t<\/div>\n\t\t\t\t<\/div>\n\t\t<div class=\"elementor-element elementor-element-c744209 e-flex e-con-boxed e-con e-parent\" data-id=\"c744209\" data-element_type=\"container\">\n\t\t\t\t\t<div class=\"e-con-inner\">\n\t\t\t\t<div class=\"elementor-element elementor-element-91b5ae1 elementor-widget elementor-widget-heading\" data-id=\"91b5ae1\" data-element_type=\"widget\" data-widget_type=\"heading.default\">\n\t\t\t\t<div class=\"elementor-widget-container\">\n\t\t\t\t\t<h2 class=\"elementor-heading-title elementor-size-default\">Coneix la nostra hist\u00f2ria<\/h2>\t\t\t\t<\/div>\n\t\t\t\t<\/div>\n\t\t\t\t\t<\/div>\n\t\t\t\t<\/div>\n\t\t<div class=\"elementor-element elementor-element-3e82a1e e-flex e-con-boxed e-con e-parent\" data-id=\"3e82a1e\" data-element_type=\"container\">\n\t\t\t\t\t<div class=\"e-con-inner\">\n\t\t<div class=\"elementor-element elementor-element-2cc4f69 e-con-full e-flex e-con e-child\" data-id=\"2cc4f69\" data-element_type=\"container\">\n\t\t\t\t<div class=\"elementor-element elementor-element-9dc846b elementor-hidden-desktop elementor-hidden-tablet elementor-widget elementor-widget-image\" data-id=\"9dc846b\" data-element_type=\"widget\" data-widget_type=\"image.default\">\n\t\t\t\t<div class=\"elementor-widget-container\">\n\t\t\t\t\t\t\t\t\t\t\t\t\t\t\t<img decoding=\"async\" width=\"800\" height=\"388\" src=\"https:\/\/canpinana.com\/wp-content\/uploads\/2025\/05\/width_1384-1024x496.png\" class=\"attachment-large size-large wp-image-230\" alt=\"\" srcset=\"https:\/\/canpinana.com\/wp-content\/uploads\/2025\/05\/width_1384-1024x496.png 1024w, https:\/\/canpinana.com\/wp-content\/uploads\/2025\/05\/width_1384-600x291.png 600w, https:\/\/canpinana.com\/wp-content\/uploads\/2025\/05\/width_1384-300x145.png 300w, https:\/\/canpinana.com\/wp-content\/uploads\/2025\/05\/width_1384-768x372.png 768w, https:\/\/canpinana.com\/wp-content\/uploads\/2025\/05\/width_1384.png 1384w\" sizes=\"(max-width: 800px) 100vw, 800px\" \/>\t\t\t\t\t\t\t\t\t\t\t\t\t\t\t<\/div>\n\t\t\t\t<\/div>\n\t\t\t\t<div class=\"elementor-element elementor-element-d2aa1ac elementor-widget__width-initial elementor-widget elementor-widget-text-editor\" data-id=\"d2aa1ac\" data-element_type=\"widget\" data-widget_type=\"text-editor.default\">\n\t\t\t\t<div class=\"elementor-widget-container\">\n\t\t\t\t\t\t\t\t\t<p class=\"cvGsUA direction-ltr align-justify para-style-body\"><span class=\"OYPEnA font-feature-liga-off font-feature-clig-off font-feature-calt-off text-decoration-none text-strikethrough-none\">L&#8217;any 1964, la fam\u00edlia Pi\u00f1ana obria les portes d&#8217;un restaurant de cuina marinera al port de l&#8217;Ampolla.<\/span><\/p><p class=\"cvGsUA direction-ltr align-justify para-style-body\"><span class=\"OYPEnA font-feature-liga-off font-feature-clig-off font-feature-calt-off text-decoration-none text-strikethrough-none\">Juani i Conxi, la tercera generaci\u00f3 de Can Pi\u00f1ana, han seguit la tradici\u00f3 gastron\u00f2mica dels seus pares i, 50 anys despr\u00e9s, continuen apostant per oferir-te el millor peix i marisc del territori amb el mateix tracte familiar i passi\u00f3 pels fogons i el mar.<\/span><\/p>\t\t\t\t\t\t\t\t<\/div>\n\t\t\t\t<\/div>\n\t\t\t\t<\/div>\n\t\t<div class=\"elementor-element elementor-element-fbbfebd e-con-full e-flex e-con e-child\" data-id=\"fbbfebd\" data-element_type=\"container\">\n\t\t\t\t<div class=\"elementor-element elementor-element-0d8e2e1 elementor-hidden-mobile elementor-widget elementor-widget-image\" data-id=\"0d8e2e1\" data-element_type=\"widget\" data-widget_type=\"image.default\">\n\t\t\t\t<div class=\"elementor-widget-container\">\n\t\t\t\t\t\t\t\t\t\t\t\t\t\t\t<img decoding=\"async\" width=\"800\" height=\"388\" src=\"https:\/\/canpinana.com\/wp-content\/uploads\/2025\/05\/width_1384-1024x496.png\" class=\"attachment-large size-large wp-image-230\" alt=\"\" srcset=\"https:\/\/canpinana.com\/wp-content\/uploads\/2025\/05\/width_1384-1024x496.png 1024w, https:\/\/canpinana.com\/wp-content\/uploads\/2025\/05\/width_1384-600x291.png 600w, https:\/\/canpinana.com\/wp-content\/uploads\/2025\/05\/width_1384-300x145.png 300w, https:\/\/canpinana.com\/wp-content\/uploads\/2025\/05\/width_1384-768x372.png 768w, https:\/\/canpinana.com\/wp-content\/uploads\/2025\/05\/width_1384.png 1384w\" sizes=\"(max-width: 800px) 100vw, 800px\" \/>\t\t\t\t\t\t\t\t\t\t\t\t\t\t\t<\/div>\n\t\t\t\t<\/div>\n\t\t\t\t<\/div>\n\t\t\t\t\t<\/div>\n\t\t\t\t<\/div>\n\t\t<div class=\"elementor-element elementor-element-97c457a e-flex e-con-boxed e-con e-parent\" data-id=\"97c457a\" data-element_type=\"container\">\n\t\t\t\t\t<div class=\"e-con-inner\">\n\t\t\t\t<div class=\"elementor-element elementor-element-11e4f48 elementor-widget elementor-widget-heading\" data-id=\"11e4f48\" data-element_type=\"widget\" data-widget_type=\"heading.default\">\n\t\t\t\t<div class=\"elementor-widget-container\">\n\t\t\t\t\t<h2 class=\"elementor-heading-title elementor-size-default\">Qu\u00e8 oferim?<\/h2>\t\t\t\t<\/div>\n\t\t\t\t<\/div>\n\t\t\t\t\t<\/div>\n\t\t\t\t<\/div>\n\t\t<div class=\"elementor-element elementor-element-e4eb2f2 e-flex e-con-boxed e-con e-parent\" data-id=\"e4eb2f2\" data-element_type=\"container\">\n\t\t\t\t\t<div class=\"e-con-inner\">\n\t\t\t\t<div class=\"elementor-element elementor-element-8e6262f gallery-spacing-custom elementor-widget elementor-widget-image-gallery\" data-id=\"8e6262f\" data-element_type=\"widget\" data-widget_type=\"image-gallery.default\">\n\t\t\t\t<div class=\"elementor-widget-container\">\n\t\t\t\t\t\t\t<div class=\"elementor-image-gallery\">\n\t\t\t<div id='gallery-1' class='gallery galleryid-54 gallery-columns-4 gallery-size-medium_large'><figure class='gallery-item'>\n\t\t\t<div class='gallery-icon landscape'>\n\t\t\t\t<img width=\"513\" height=\"513\" src=\"https:\/\/canpinana.com\/wp-content\/uploads\/2025\/05\/12-1.png\" class=\"attachment-medium_large size-medium_large\" alt=\"\" decoding=\"async\" srcset=\"https:\/\/canpinana.com\/wp-content\/uploads\/2025\/05\/12-1.png 513w, https:\/\/canpinana.com\/wp-content\/uploads\/2025\/05\/12-1-300x300.png 300w, https:\/\/canpinana.com\/wp-content\/uploads\/2025\/05\/12-1-100x100.png 100w, https:\/\/canpinana.com\/wp-content\/uploads\/2025\/05\/12-1-150x150.png 150w\" sizes=\"(max-width: 513px) 100vw, 513px\" \/>\n\t\t\t<\/div><\/figure><figure class='gallery-item'>\n\t\t\t<div class='gallery-icon landscape'>\n\t\t\t\t<img loading=\"lazy\" width=\"513\" height=\"513\" src=\"https:\/\/canpinana.com\/wp-content\/uploads\/2025\/05\/11-1.png\" class=\"attachment-medium_large size-medium_large\" alt=\"\" decoding=\"async\" srcset=\"https:\/\/canpinana.com\/wp-content\/uploads\/2025\/05\/11-1.png 513w, https:\/\/canpinana.com\/wp-content\/uploads\/2025\/05\/11-1-300x300.png 300w, https:\/\/canpinana.com\/wp-content\/uploads\/2025\/05\/11-1-100x100.png 100w, https:\/\/canpinana.com\/wp-content\/uploads\/2025\/05\/11-1-150x150.png 150w\" sizes=\"(max-width: 513px) 100vw, 513px\" \/>\n\t\t\t<\/div><\/figure><figure class='gallery-item'>\n\t\t\t<div class='gallery-icon landscape'>\n\t\t\t\t<img loading=\"lazy\" width=\"513\" height=\"513\" src=\"https:\/\/canpinana.com\/wp-content\/uploads\/2025\/05\/10-1.png\" class=\"attachment-medium_large size-medium_large\" alt=\"\" decoding=\"async\" srcset=\"https:\/\/canpinana.com\/wp-content\/uploads\/2025\/05\/10-1.png 513w, https:\/\/canpinana.com\/wp-content\/uploads\/2025\/05\/10-1-300x300.png 300w, https:\/\/canpinana.com\/wp-content\/uploads\/2025\/05\/10-1-100x100.png 100w, https:\/\/canpinana.com\/wp-content\/uploads\/2025\/05\/10-1-150x150.png 150w\" sizes=\"(max-width: 513px) 100vw, 513px\" \/>\n\t\t\t<\/div><\/figure><figure class='gallery-item'>\n\t\t\t<div class='gallery-icon landscape'>\n\t\t\t\t<img loading=\"lazy\" width=\"513\" height=\"513\" src=\"https:\/\/canpinana.com\/wp-content\/uploads\/2025\/05\/9-1.png\" class=\"attachment-medium_large size-medium_large\" alt=\"\" decoding=\"async\" srcset=\"https:\/\/canpinana.com\/wp-content\/uploads\/2025\/05\/9-1.png 513w, https:\/\/canpinana.com\/wp-content\/uploads\/2025\/05\/9-1-300x300.png 300w, https:\/\/canpinana.com\/wp-content\/uploads\/2025\/05\/9-1-100x100.png 100w, https:\/\/canpinana.com\/wp-content\/uploads\/2025\/05\/9-1-150x150.png 150w\" sizes=\"(max-width: 513px) 100vw, 513px\" \/>\n\t\t\t<\/div><\/figure><figure class='gallery-item'>\n\t\t\t<div class='gallery-icon landscape'>\n\t\t\t\t<img loading=\"lazy\" width=\"513\" height=\"513\" src=\"https:\/\/canpinana.com\/wp-content\/uploads\/2025\/05\/8-1.png\" class=\"attachment-medium_large size-medium_large\" alt=\"\" decoding=\"async\" srcset=\"https:\/\/canpinana.com\/wp-content\/uploads\/2025\/05\/8-1.png 513w, https:\/\/canpinana.com\/wp-content\/uploads\/2025\/05\/8-1-300x300.png 300w, https:\/\/canpinana.com\/wp-content\/uploads\/2025\/05\/8-1-100x100.png 100w, https:\/\/canpinana.com\/wp-content\/uploads\/2025\/05\/8-1-150x150.png 150w\" sizes=\"(max-width: 513px) 100vw, 513px\" \/>\n\t\t\t<\/div><\/figure><figure class='gallery-item'>\n\t\t\t<div class='gallery-icon landscape'>\n\t\t\t\t<img loading=\"lazy\" width=\"513\" height=\"513\" src=\"https:\/\/canpinana.com\/wp-content\/uploads\/2025\/05\/7-1.png\" class=\"attachment-medium_large size-medium_large\" alt=\"\" decoding=\"async\" srcset=\"https:\/\/canpinana.com\/wp-content\/uploads\/2025\/05\/7-1.png 513w, https:\/\/canpinana.com\/wp-content\/uploads\/2025\/05\/7-1-300x300.png 300w, https:\/\/canpinana.com\/wp-content\/uploads\/2025\/05\/7-1-100x100.png 100w, https:\/\/canpinana.com\/wp-content\/uploads\/2025\/05\/7-1-150x150.png 150w\" sizes=\"(max-width: 513px) 100vw, 513px\" \/>\n\t\t\t<\/div><\/figure><figure class='gallery-item'>\n\t\t\t<div class='gallery-icon landscape'>\n\t\t\t\t<img loading=\"lazy\" width=\"513\" height=\"513\" src=\"https:\/\/canpinana.com\/wp-content\/uploads\/2025\/05\/6-1.png\" class=\"attachment-medium_large size-medium_large\" alt=\"\" decoding=\"async\" srcset=\"https:\/\/canpinana.com\/wp-content\/uploads\/2025\/05\/6-1.png 513w, https:\/\/canpinana.com\/wp-content\/uploads\/2025\/05\/6-1-300x300.png 300w, https:\/\/canpinana.com\/wp-content\/uploads\/2025\/05\/6-1-100x100.png 100w, https:\/\/canpinana.com\/wp-content\/uploads\/2025\/05\/6-1-150x150.png 150w\" sizes=\"(max-width: 513px) 100vw, 513px\" \/>\n\t\t\t<\/div><\/figure><figure class='gallery-item'>\n\t\t\t<div class='gallery-icon landscape'>\n\t\t\t\t<img loading=\"lazy\" width=\"513\" height=\"513\" src=\"https:\/\/canpinana.com\/wp-content\/uploads\/2025\/05\/5-1.png\" class=\"attachment-medium_large size-medium_large\" alt=\"\" decoding=\"async\" srcset=\"https:\/\/canpinana.com\/wp-content\/uploads\/2025\/05\/5-1.png 513w, https:\/\/canpinana.com\/wp-content\/uploads\/2025\/05\/5-1-300x300.png 300w, https:\/\/canpinana.com\/wp-content\/uploads\/2025\/05\/5-1-100x100.png 100w, https:\/\/canpinana.com\/wp-content\/uploads\/2025\/05\/5-1-150x150.png 150w\" sizes=\"(max-width: 513px) 100vw, 513px\" \/>\n\t\t\t<\/div><\/figure><figure class='gallery-item'>\n\t\t\t<div class='gallery-icon landscape'>\n\t\t\t\t<img loading=\"lazy\" width=\"513\" height=\"513\" src=\"https:\/\/canpinana.com\/wp-content\/uploads\/2025\/05\/4-1.png\" class=\"attachment-medium_large size-medium_large\" alt=\"\" decoding=\"async\" srcset=\"https:\/\/canpinana.com\/wp-content\/uploads\/2025\/05\/4-1.png 513w, https:\/\/canpinana.com\/wp-content\/uploads\/2025\/05\/4-1-300x300.png 300w, https:\/\/canpinana.com\/wp-content\/uploads\/2025\/05\/4-1-100x100.png 100w, https:\/\/canpinana.com\/wp-content\/uploads\/2025\/05\/4-1-150x150.png 150w\" sizes=\"(max-width: 513px) 100vw, 513px\" \/>\n\t\t\t<\/div><\/figure><figure class='gallery-item'>\n\t\t\t<div class='gallery-icon landscape'>\n\t\t\t\t<img loading=\"lazy\" width=\"513\" height=\"513\" src=\"https:\/\/canpinana.com\/wp-content\/uploads\/2025\/05\/3-1.png\" class=\"attachment-medium_large size-medium_large\" alt=\"\" decoding=\"async\" srcset=\"https:\/\/canpinana.com\/wp-content\/uploads\/2025\/05\/3-1.png 513w, https:\/\/canpinana.com\/wp-content\/uploads\/2025\/05\/3-1-300x300.png 300w, https:\/\/canpinana.com\/wp-content\/uploads\/2025\/05\/3-1-100x100.png 100w, https:\/\/canpinana.com\/wp-content\/uploads\/2025\/05\/3-1-150x150.png 150w\" sizes=\"(max-width: 513px) 100vw, 513px\" \/>\n\t\t\t<\/div><\/figure><figure class='gallery-item'>\n\t\t\t<div class='gallery-icon landscape'>\n\t\t\t\t<img loading=\"lazy\" width=\"513\" height=\"513\" src=\"https:\/\/canpinana.com\/wp-content\/uploads\/2025\/05\/2-1.png\" class=\"attachment-medium_large size-medium_large\" alt=\"\" decoding=\"async\" srcset=\"https:\/\/canpinana.com\/wp-content\/uploads\/2025\/05\/2-1.png 513w, https:\/\/canpinana.com\/wp-content\/uploads\/2025\/05\/2-1-300x300.png 300w, https:\/\/canpinana.com\/wp-content\/uploads\/2025\/05\/2-1-100x100.png 100w, https:\/\/canpinana.com\/wp-content\/uploads\/2025\/05\/2-1-150x150.png 150w\" sizes=\"(max-width: 513px) 100vw, 513px\" \/>\n\t\t\t<\/div><\/figure><figure class='gallery-item'>\n\t\t\t<div class='gallery-icon landscape'>\n\t\t\t\t<img loading=\"lazy\" width=\"513\" height=\"513\" src=\"https:\/\/canpinana.com\/wp-content\/uploads\/2025\/05\/1-1.png\" class=\"attachment-medium_large size-medium_large\" alt=\"\" decoding=\"async\" srcset=\"https:\/\/canpinana.com\/wp-content\/uploads\/2025\/05\/1-1.png 513w, https:\/\/canpinana.com\/wp-content\/uploads\/2025\/05\/1-1-300x300.png 300w, https:\/\/canpinana.com\/wp-content\/uploads\/2025\/05\/1-1-100x100.png 100w, https:\/\/canpinana.com\/wp-content\/uploads\/2025\/05\/1-1-150x150.png 150w\" sizes=\"(max-width: 513px) 100vw, 513px\" \/>\n\t\t\t<\/div><\/figure>\n\t\t<\/div>\n\t\t<\/div>\n\t\t\t\t\t\t<\/div>\n\t\t\t\t<\/div>\n\t\t\t\t\t<\/div>\n\t\t\t\t<\/div>\n\t\t\t\t<\/div>\n\t\t","protected":false},"excerpt":{"rendered":"<p>Benvinguts al can pi\u00f1ana Benvinguts al can pi\u00f1ana On el plaer de la gastronomia i la mar tenen el seu punt de trobada. Amb aquesta filosofia de treball, els nostres comensals gaudeixen des de fa 50 anys de tots els sabors del Mediterrani. Situat davant del mar, al port pesquer de l\u2019Ampolla, l\u2019interior i l\u2019exterior [&hellip;]<\/p>\n","protected":false},"author":1,"featured_media":0,"parent":0,"menu_order":0,"comment_status":"closed","ping_status":"closed","template":"","meta":{"footnotes":""},"class_list":["post-54","page","type-page","status-publish","hentry"],"_links":{"self":[{"href":"https:\/\/canpinana.com\/index.php?rest_route=\/wp\/v2\/pages\/54","targetHints":{"allow":["GET"]}}],"collection":[{"href":"https:\/\/canpinana.com\/index.php?rest_route=\/wp\/v2\/pages"}],"about":[{"href":"https:\/\/canpinana.com\/index.php?rest_route=\/wp\/v2\/types\/page"}],"author":[{"embeddable":true,"href":"https:\/\/canpinana.com\/index.php?rest_route=\/wp\/v2\/users\/1"}],"replies":[{"embeddable":true,"href":"https:\/\/canpinana.com\/index.php?rest_route=%2Fwp%2Fv2%2Fcomments&post=54"}],"version-history":[{"count":43,"href":"https:\/\/canpinana.com\/index.php?rest_route=\/wp\/v2\/pages\/54\/revisions"}],"predecessor-version":[{"id":820,"href":"https:\/\/canpinana.com\/index.php?rest_route=\/wp\/v2\/pages\/54\/revisions\/820"}],"wp:attachment":[{"href":"https:\/\/canpinana.com\/index.php?rest_route=%2Fwp%2Fv2%2Fmedia&parent=54"}],"curies":[{"name":"wp","href":"https:\/\/api.w.org\/{rel}","templated":true}]}}