{"id":47,"date":"2025-05-07T08:05:37","date_gmt":"2025-05-07T08:05:37","guid":{"rendered":"https:\/\/canpinana.app-w.es\/?page_id=47"},"modified":"2025-05-12T09:53:41","modified_gmt":"2025-05-12T09:53:41","slug":"carta","status":"publish","type":"page","link":"https:\/\/canpinana.com\/?page_id=47","title":{"rendered":"Carta"},"content":{"rendered":"\t\t<div data-elementor-type=\"wp-page\" data-elementor-id=\"47\" class=\"elementor elementor-47\" data-elementor-post-type=\"page\">\n\t\t\t\t<div class=\"elementor-element elementor-element-28c666b e-flex e-con-boxed e-con e-parent\" data-id=\"28c666b\" data-element_type=\"container\">\n\t\t\t\t\t<div class=\"e-con-inner\">\n\t\t\t\t<div class=\"elementor-element elementor-element-31c6134 elementor-widget elementor-widget-heading\" data-id=\"31c6134\" data-element_type=\"widget\" data-widget_type=\"heading.default\">\n\t\t\t\t<div class=\"elementor-widget-container\">\n\t\t\t\t\t<h2 class=\"elementor-heading-title elementor-size-default\">Carta<\/h2>\t\t\t\t<\/div>\n\t\t\t\t<\/div>\n\t\t\t\t\t<\/div>\n\t\t\t\t<\/div>\n\t\t<div class=\"elementor-element elementor-element-fe70479 e-flex e-con-boxed e-con e-parent\" data-id=\"fe70479\" data-element_type=\"container\">\n\t\t\t\t\t<div class=\"e-con-inner\">\n\t\t\t\t<div class=\"elementor-element elementor-element-71b1317 elementor-widget elementor-widget-spacer\" data-id=\"71b1317\" data-element_type=\"widget\" data-widget_type=\"spacer.default\">\n\t\t\t\t<div class=\"elementor-widget-container\">\n\t\t\t\t\t\t\t<div class=\"elementor-spacer\">\n\t\t\t<div class=\"elementor-spacer-inner\"><\/div>\n\t\t<\/div>\n\t\t\t\t\t\t<\/div>\n\t\t\t\t<\/div>\n\t\t\t\t<div class=\"elementor-element elementor-element-03b6a35 elementor-widget__width-initial elementor-widget-mobile__width-inherit elementor-widget elementor-widget-text-editor\" data-id=\"03b6a35\" data-element_type=\"widget\" data-widget_type=\"text-editor.default\">\n\t\t\t\t<div class=\"elementor-widget-container\">\n\t\t\t\t\t\t\t\t\t<p><span class=\"OYPEnA font-feature-liga-off font-feature-clig-off font-feature-calt-off text-decoration-none text-strikethrough-none\">L&#8217;arr\u00f2s del Delta, eix vertebrador de la nostra carta, juntament amb els millors productes del mar, comprats directament a la llotja, et faran gaudir d\u2019un fant\u00e0stic \u00e0pat mediterrani.<\/span><\/p>\t\t\t\t\t\t\t\t<\/div>\n\t\t\t\t<\/div>\n\t\t\t\t<div class=\"elementor-element elementor-element-bb12468 elementor-widget elementor-widget-spacer\" data-id=\"bb12468\" data-element_type=\"widget\" data-widget_type=\"spacer.default\">\n\t\t\t\t<div class=\"elementor-widget-container\">\n\t\t\t\t\t\t\t<div class=\"elementor-spacer\">\n\t\t\t<div class=\"elementor-spacer-inner\"><\/div>\n\t\t<\/div>\n\t\t\t\t\t\t<\/div>\n\t\t\t\t<\/div>\n\t\t\t\t\t<\/div>\n\t\t\t\t<\/div>\n\t\t<div class=\"elementor-element elementor-element-a236bf1 e-flex e-con-boxed e-con e-parent\" data-id=\"a236bf1\" data-element_type=\"container\">\n\t\t\t\t\t<div class=\"e-con-inner\">\n\t\t<div class=\"elementor-element elementor-element-dc000a6 e-con-full e-flex e-con e-child\" data-id=\"dc000a6\" data-element_type=\"container\">\n\t\t\t\t<div class=\"elementor-element elementor-element-7643696 elementor-widget elementor-widget-image\" data-id=\"7643696\" data-element_type=\"widget\" data-widget_type=\"image.default\">\n\t\t\t\t<div class=\"elementor-widget-container\">\n\t\t\t\t\t\t\t\t\t\t\t\t\t\t\t<img fetchpriority=\"high\" decoding=\"async\" width=\"533\" height=\"800\" src=\"https:\/\/canpinana.com\/wp-content\/uploads\/2025\/05\/width_533.jpeg\" class=\"attachment-large size-large wp-image-167\" alt=\"\" srcset=\"https:\/\/canpinana.com\/wp-content\/uploads\/2025\/05\/width_533.jpeg 533w, https:\/\/canpinana.com\/wp-content\/uploads\/2025\/05\/width_533-200x300.jpeg 200w\" sizes=\"(max-width: 533px) 100vw, 533px\" \/>\t\t\t\t\t\t\t\t\t\t\t\t\t\t\t<\/div>\n\t\t\t\t<\/div>\n\t\t\t\t<\/div>\n\t\t<div class=\"elementor-element elementor-element-32a6da9 e-con-full e-flex e-con e-child\" data-id=\"32a6da9\" data-element_type=\"container\">\n\t\t\t\t<div class=\"elementor-element elementor-element-f337b06 elementor-widget elementor-widget-image\" data-id=\"f337b06\" data-element_type=\"widget\" data-widget_type=\"image.default\">\n\t\t\t\t<div class=\"elementor-widget-container\">\n\t\t\t\t\t\t\t\t\t\t\t\t\t\t\t<img decoding=\"async\" width=\"780\" height=\"167\" src=\"https:\/\/canpinana.com\/wp-content\/uploads\/2025\/05\/Disseny-sense-titol-14.png\" class=\"attachment-large size-large wp-image-25\" alt=\"\" srcset=\"https:\/\/canpinana.com\/wp-content\/uploads\/2025\/05\/Disseny-sense-titol-14.png 780w, https:\/\/canpinana.com\/wp-content\/uploads\/2025\/05\/Disseny-sense-titol-14-600x128.png 600w, https:\/\/canpinana.com\/wp-content\/uploads\/2025\/05\/Disseny-sense-titol-14-300x64.png 300w, https:\/\/canpinana.com\/wp-content\/uploads\/2025\/05\/Disseny-sense-titol-14-768x164.png 768w\" sizes=\"(max-width: 780px) 100vw, 780px\" \/>\t\t\t\t\t\t\t\t\t\t\t\t\t\t\t<\/div>\n\t\t\t\t<\/div>\n\t\t\t\t<div class=\"elementor-element elementor-element-fb19c84 elementor-widget__width-initial elementor-widget elementor-widget-text-editor\" data-id=\"fb19c84\" data-element_type=\"widget\" data-widget_type=\"text-editor.default\">\n\t\t\t\t<div class=\"elementor-widget-container\">\n\t\t\t\t\t\t\t\t\t<p class=\"cvGsUA direction-ltr align-start para-style-body\"><span class=\"OYPEnA font-feature-liga-off font-feature-clig-off font-feature-calt-off text-decoration-none text-strikethrough-none\">Endinsi\u2019s en el m\u00f3n de la nostra cuina marinera i deltaica que, durant tres generacions, li hem ofert amb una acurada selecci\u00f3 dels millors productes de les Terres de l\u2019Ebre.<\/span><\/p><p class=\"cvGsUA direction-ltr align-start para-style-body\"><span class=\"OYPEnA font-feature-liga-off font-feature-clig-off font-feature-calt-off text-decoration-none text-strikethrough-none\">Gaudeixi del peix fresc de la nostra badia (llenguado, r\u00e8mol, rap, llagost\u00ed, calamarsets&#8230;) i dels nostres arrossos (mariner, negre o fins i tot cald\u00f3s).<\/span><\/p><p class=\"cvGsUA direction-ltr align-start para-style-body\"><span class=\"OYPEnA font-feature-liga-off font-feature-clig-off font-feature-calt-off text-decoration-none text-strikethrough-none\">Gaudeixi a la terrassa amb unes vistes privilegiades del port de l\u2019Ampolla.<\/span><\/p>\t\t\t\t\t\t\t\t<\/div>\n\t\t\t\t<\/div>\n\t\t\t\t<\/div>\n\t\t\t\t\t<\/div>\n\t\t\t\t<\/div>\n\t\t<div class=\"elementor-element elementor-element-6d66109 e-flex e-con-boxed e-con e-parent\" data-id=\"6d66109\" data-element_type=\"container\">\n\t\t\t\t\t<div class=\"e-con-inner\">\n\t\t\t\t<div class=\"elementor-element elementor-element-880ed6f elementor-align-center elementor-widget elementor-widget-button\" data-id=\"880ed6f\" data-element_type=\"widget\" data-widget_type=\"button.default\">\n\t\t\t\t<div class=\"elementor-widget-container\">\n\t\t\t\t\t\t\t\t\t<div class=\"elementor-button-wrapper\">\n\t\t\t\t\t<a class=\"elementor-button elementor-button-link elementor-size-sm\" href=\"https:\/\/canpinana.com\/wp-content\/uploads\/2025\/05\/CARTAPINANA.pdf\" target=\"_blank\">\n\t\t\t\t\t\t<span class=\"elementor-button-content-wrapper\">\n\t\t\t\t\t\t\t\t\t<span class=\"elementor-button-text\">La nostra carta<\/span>\n\t\t\t\t\t<\/span>\n\t\t\t\t\t<\/a>\n\t\t\t\t<\/div>\n\t\t\t\t\t\t\t\t<\/div>\n\t\t\t\t<\/div>\n\t\t\t\t\t<\/div>\n\t\t\t\t<\/div>\n\t\t\t\t<\/div>\n\t\t","protected":false},"excerpt":{"rendered":"<p>Carta L&#8217;arr\u00f2s del Delta, eix vertebrador de la nostra carta, juntament amb els millors productes del mar, comprats directament a la llotja, et faran gaudir d\u2019un fant\u00e0stic \u00e0pat mediterrani. Endinsi\u2019s en el m\u00f3n de la nostra cuina marinera i deltaica que, durant tres generacions, li hem ofert amb una acurada selecci\u00f3 dels millors productes de [&hellip;]<\/p>\n","protected":false},"author":1,"featured_media":0,"parent":0,"menu_order":0,"comment_status":"closed","ping_status":"closed","template":"","meta":{"footnotes":""},"class_list":["post-47","page","type-page","status-publish","hentry"],"_links":{"self":[{"href":"https:\/\/canpinana.com\/index.php?rest_route=\/wp\/v2\/pages\/47","targetHints":{"allow":["GET"]}}],"collection":[{"href":"https:\/\/canpinana.com\/index.php?rest_route=\/wp\/v2\/pages"}],"about":[{"href":"https:\/\/canpinana.com\/index.php?rest_route=\/wp\/v2\/types\/page"}],"author":[{"embeddable":true,"href":"https:\/\/canpinana.com\/index.php?rest_route=\/wp\/v2\/users\/1"}],"replies":[{"embeddable":true,"href":"https:\/\/canpinana.com\/index.php?rest_route=%2Fwp%2Fv2%2Fcomments&post=47"}],"version-history":[{"count":49,"href":"https:\/\/canpinana.com\/index.php?rest_route=\/wp\/v2\/pages\/47\/revisions"}],"predecessor-version":[{"id":832,"href":"https:\/\/canpinana.com\/index.php?rest_route=\/wp\/v2\/pages\/47\/revisions\/832"}],"wp:attachment":[{"href":"https:\/\/canpinana.com\/index.php?rest_route=%2Fwp%2Fv2%2Fmedia&parent=47"}],"curies":[{"name":"wp","href":"https:\/\/api.w.org\/{rel}","templated":true}]}}